{"id":204,"date":"2020-06-25T20:41:07","date_gmt":"2020-06-25T20:41:07","guid":{"rendered":"https:\/\/www.violin-studio.pt\/?page_id=204"},"modified":"2021-07-13T13:13:25","modified_gmt":"2021-07-13T13:13:25","slug":"descrizione-della-proprieta","status":"publish","type":"page","link":"https:\/\/www.violin-studio.pt\/?page_id=204&lang=it","title":{"rendered":"Descrizione della propriet\u00e0"},"content":{"rendered":"\n<p>Nel centro di Porto, situato a breve distanza dal mercato cittadino Bolh\u00e3o e dal Colosseo di Oporto, il Violin Studio offre Wi-Fi gratuito, aria condizionata e servizi per la casa come piano cottura e bollitore. Dotato di parcheggio privato, l&#8217;appartamento dista 2,1 km dal mercato di Ferreira Borges.<\/p>\n\n\n\n<p>L&#8217;appartamento presenta 1 camera da letto, una TV a schermo piatto con canali via cavo, un angolo cottura attrezzato con frigorifero e forno, una macchina per i desideri e 1 bagno con bidet.<\/p>\n\n\n\n<p>Violin Studio si trova a 2,2 km da Torre Cl\u00e9rigos e dista 2,4 km da Lelo Bookshop. L&#8217;aeroporto pi\u00f9 vicino \u00e8 Francisco S\u00e1 Carneiro, a 16 km dalla struttura e la struttura offre un servizio navetta aeroportuale a pagamento.<\/p>\n\n\n\n<p>Questa \u00e8 la parte preferita di Porto dei nostri ospiti, secondo le recensioni indipendenti.<\/p>\n\n\n\n<p>Il Violin Studio si trova vicino alla tradizionale Pra\u00e7a dos Poveiros e a 5 minuti a piedi dalla Run de Santa Catarina, circondato da vecchi negozi di alimentari e vicino al famoso Caf\u00e9 Majestic, caratteristico della Belle Epoque. L&#8217;appartamento \u00e8 dotato di aria condizionata, cucina completamente attrezzata, macchina da caff\u00e8 e set completo di utensili da cucina di qualit\u00e0, che consente agli ospiti di preparare i propri pasti utilizzando prodotti freschi acquistati nel famoso mercato di Bolh\u00e2o, a 4 minuti dall&#8217;appartamento. La stazione della metropolitana Bolh\u00e3o si trova a 300 metri di distanza, con collegamenti diretti per l&#8217;aeroporto Francisco S\u00e1 Carneiro. L&#8217;appartamento principale si trova a pochi passi dalle principali attrazioni della citt\u00e0 e dai suoi reggiseni e ristoranti principali. La stazione della metropolitana Bolh\u00e3o \u00e8 collegata direttamente con l&#8217;aeroporto Francisco S\u00e1 Carneiro.<\/p>\n","protected":false},"excerpt":{"rendered":"<p>Nel centro di Porto, situato a breve distanza dal mercato cittadino Bolh\u00e3o e dal Colosseo di Oporto, il Violin Studio offre Wi-Fi gratuito, aria condizionata e servizi per la casa come piano cottura e bollitore. Dotato di parcheggio privato, l&#8217;appartamento dista 2,1 km dal mercato di Ferreira Borges. L&#8217;appartamento presenta 1 camera da letto, una &hellip; <\/p>\n<p class=\"link-more\"><a href=\"https:\/\/www.violin-studio.pt\/?page_id=204&#038;lang=it\" class=\"more-link\">Continue reading<span class=\"screen-reader-text\"> &#8220;Descrizione della propriet\u00e0&#8221;<\/span><\/a><\/p>\n","protected":false},"author":1,"featured_media":0,"parent":0,"menu_order":0,"comment_status":"closed","ping_status":"closed","template":"","meta":[],"_links":{"self":[{"href":"https:\/\/www.violin-studio.pt\/index.php?rest_route=\/wp\/v2\/pages\/204"}],"collection":[{"href":"https:\/\/www.violin-studio.pt\/index.php?rest_route=\/wp\/v2\/pages"}],"about":[{"href":"https:\/\/www.violin-studio.pt\/index.php?rest_route=\/wp\/v2\/types\/page"}],"author":[{"embeddable":true,"href":"https:\/\/www.violin-studio.pt\/index.php?rest_route=\/wp\/v2\/users\/1"}],"replies":[{"embeddable":true,"href":"https:\/\/www.violin-studio.pt\/index.php?rest_route=%2Fwp%2Fv2%2Fcomments&post=204"}],"version-history":[{"count":2,"href":"https:\/\/www.violin-studio.pt\/index.php?rest_route=\/wp\/v2\/pages\/204\/revisions"}],"predecessor-version":[{"id":444,"href":"https:\/\/www.violin-studio.pt\/index.php?rest_route=\/wp\/v2\/pages\/204\/revisions\/444"}],"wp:attachment":[{"href":"https:\/\/www.violin-studio.pt\/index.php?rest_route=%2Fwp%2Fv2%2Fmedia&parent=204"}],"curies":[{"name":"wp","href":"https:\/\/api.w.org\/{rel}","templated":true}]}}