{"id":116,"date":"2020-06-23T23:01:48","date_gmt":"2020-06-23T23:01:48","guid":{"rendered":"https:\/\/www.violin-studio.pt\/?page_id=116"},"modified":"2021-07-13T13:27:14","modified_gmt":"2021-07-13T13:27:14","slug":"property-description-portugues","status":"publish","type":"page","link":"https:\/\/www.violin-studio.pt\/?page_id=116&lang=pt","title":{"rendered":"Descri\u00e7\u00e3o da Propriedade"},"content":{"rendered":"\n<p>No centro do Porto, localizado a uma curta dist\u00e2ncia do Mercado do Bolh\u00e3o e do Coliseu do Porto, o Violin Studio oferece Wi-Fi gratuito, ar-condicionado e utens\u00edlios dom\u00e9sticos, como fog\u00e3o e chaleira. Com estacionamento privado, o apartamento fica a 2,1 km do Mercado Ferreira Borges.<\/p>\n\n\n\n<p>O apartamento possui 1 quarto, TV , cozinha equipada com frigor\u00edfico e forno, e uma casa de banho dom um duche e bid\u00e9.<\/p>\n\n\n\n<p>A Torre dos Cl\u00e9rigos fica a 2,2 km do Violin Studio, enquanto que a Livraria Lelo fica a 2,4 km. O aeroporto mais pr\u00f3ximo \u00e9 Francisco S\u00e1 Carneiro, a 16 km do alojamento e a propriedade oferece um servi\u00e7o de transporte para o aeroporto a um pre\u00e7o razoavel.<\/p>\n\n\n\n<p>Esta \u00e9 a parte favorita de Porto dos nossos h\u00f3spedes, de acordo com avalia\u00e7\u00f5es independentes.<\/p>\n\n\n\n<p>O Violin Studio est\u00e1 localizado ao lado da tradicional Pra\u00e7a dos Poveiros e a 5 minutos a p\u00e9 da Run de Santa Catarina, cercado por antigos supermercados e perto do famoso Caf\u00e9 Majestic, caracter\u00edstico da Belle Epoque. O apartamento est\u00e1 equipado com ar-condicionado, cozinha totalmente mobiliada, m\u00e1quina de caf\u00e9 e um conjunto completo de utens\u00edlios de cozinha de qualidade, permitindo que os h\u00f3spedes preparem suas pr\u00f3prias refei\u00e7\u00f5es com produtos frescos comprados no famoso Mercado de Bolh\u00e3o, a 4 minutos do apartamento. A Esta\u00e7\u00e3o de Metro do Bolh\u00e3o fica a 300 metros, com liga\u00e7\u00e3o direta ao Aeroporto Francisco S\u00e1 Carneiro. O apartamento fica a uma curta dist\u00e2ncia dos principais pontos tur\u00edsticos da cidade assim como de numerosos restaurantes. A Esta\u00e7\u00e3o de Metro do Bolh\u00e3o tem liga\u00e7\u00e3o direta com o Aeroporto Francisco S\u00e1 Carneiro.<\/p>\n","protected":false},"excerpt":{"rendered":"<p>No centro do Porto, localizado a uma curta dist\u00e2ncia do Mercado do Bolh\u00e3o e do Coliseu do Porto, o Violin Studio oferece Wi-Fi gratuito, ar-condicionado e utens\u00edlios dom\u00e9sticos, como fog\u00e3o e chaleira. Com estacionamento privado, o apartamento fica a 2,1 km do Mercado Ferreira Borges. O apartamento possui 1 quarto, TV , cozinha equipada com &hellip; <\/p>\n<p class=\"link-more\"><a href=\"https:\/\/www.violin-studio.pt\/?page_id=116&#038;lang=pt\" class=\"more-link\">Continue reading<span class=\"screen-reader-text\"> &#8220;Descri\u00e7\u00e3o da Propriedade&#8221;<\/span><\/a><\/p>\n","protected":false},"author":1,"featured_media":0,"parent":0,"menu_order":0,"comment_status":"closed","ping_status":"closed","template":"","meta":[],"_links":{"self":[{"href":"https:\/\/www.violin-studio.pt\/index.php?rest_route=\/wp\/v2\/pages\/116"}],"collection":[{"href":"https:\/\/www.violin-studio.pt\/index.php?rest_route=\/wp\/v2\/pages"}],"about":[{"href":"https:\/\/www.violin-studio.pt\/index.php?rest_route=\/wp\/v2\/types\/page"}],"author":[{"embeddable":true,"href":"https:\/\/www.violin-studio.pt\/index.php?rest_route=\/wp\/v2\/users\/1"}],"replies":[{"embeddable":true,"href":"https:\/\/www.violin-studio.pt\/index.php?rest_route=%2Fwp%2Fv2%2Fcomments&post=116"}],"version-history":[{"count":4,"href":"https:\/\/www.violin-studio.pt\/index.php?rest_route=\/wp\/v2\/pages\/116\/revisions"}],"predecessor-version":[{"id":451,"href":"https:\/\/www.violin-studio.pt\/index.php?rest_route=\/wp\/v2\/pages\/116\/revisions\/451"}],"wp:attachment":[{"href":"https:\/\/www.violin-studio.pt\/index.php?rest_route=%2Fwp%2Fv2%2Fmedia&parent=116"}],"curies":[{"name":"wp","href":"https:\/\/api.w.org\/{rel}","templated":true}]}}