{"id":114,"date":"2020-06-23T23:01:48","date_gmt":"2020-06-23T23:01:48","guid":{"rendered":"https:\/\/www.violin-studio.pt\/?page_id=114"},"modified":"2021-07-13T13:11:46","modified_gmt":"2021-07-13T13:11:46","slug":"property-description-francais","status":"publish","type":"page","link":"https:\/\/www.violin-studio.pt\/?page_id=114&lang=fr","title":{"rendered":"Description de la propri\u00e9t\u00e9"},"content":{"rendered":"\n<p>Situ\u00e9 dans le centre de Porto, \u00e0 une courte distance du march\u00e9 de Bolh\u00e3o et du Colis\u00e9e de Porto, le Violin Studio propose une connexion Wi-Fi gratuite, la climatisation et des \u00e9quipements m\u00e9nagers tels que des plaques de cuisson et une bouilloire. Dot\u00e9 d&#8217;un parking priv\u00e9, l&#8217;appartement se trouve \u00e0 2,1 km du march\u00e9 Ferreira Borges.<\/p>\n\n\n\n<p>L&#8217;appartement comprend 1 chambre, une t\u00e9l\u00e9vision par c\u00e2ble \u00e0 \u00e9cran plat, une kitchenette \u00e9quip\u00e9e avec un r\u00e9frig\u00e9rateur et un four, une machine \u00e0 souhaiter et 1 salle de bains avec un bidet.<\/p>\n\n\n\n<p>La tour des Clercs se trouve \u00e0 2,2 km du Violin Studio, tandis que la librairie Lelo est \u00e0 2,4 km. L&#8217;a\u00e9roport le plus proche est Francisco S\u00e1 Carneiro, \u00e0 16 km de l&#8217;\u00e9tablissement et l&#8217;\u00e9tablissement propose un service de navette a\u00e9roport payant.<\/p>\n\n\n\n<p>C&#8217;est la partie pr\u00e9f\u00e9r\u00e9e de nos clients \u00e0 Porto, selon des critiques ind\u00e9pendantes.<\/p>\n\n\n\n<p>Violin Studio est situ\u00e9 \u00e0 c\u00f4t\u00e9 de la traditionnelle Pra\u00e7a dos Poveiros et \u00e0 5 minutes \u00e0 pied de la Run de Santa Catarina, entour\u00e9 de vieilles \u00e9piceries et \u00e0 proximit\u00e9 du c\u00e9l\u00e8bre Caf\u00e9 Majestic, caract\u00e9ristique de la Belle Epoque. L&#8217;appartement est \u00e9quip\u00e9 de la climatisation, d&#8217;une cuisine enti\u00e8rement \u00e9quip\u00e9e, d&#8217;une machine \u00e0 caf\u00e9 et d&#8217;un ensemble complet d&#8217;ustensiles de cuisine de qualit\u00e9, permettant aux clients de pr\u00e9parer leurs propres repas en utilisant des produits frais achet\u00e9s au c\u00e9l\u00e8bre march\u00e9 de Bolh\u00e2o, \u00e0 4 minutes de l&#8217;appartement. La station de m\u00e9tro Bolh\u00e3o, \u00e0 300 m\u00e8tres, permet de rejoindre directement l&#8217;a\u00e9roport Francisco S\u00e1 Carneiro. L&#8217;appartement principal est \u00e0 distance de marche des principaux sites touristiques de la ville et de ses principaux soutiens-gorge et restaurants. La station de m\u00e9tro Bolh\u00e3o est directement reli\u00e9e \u00e0 l&#8217;a\u00e9roport Francisco S\u00e1 Carneiro<\/p>\n","protected":false},"excerpt":{"rendered":"<p>Situ\u00e9 dans le centre de Porto, \u00e0 une courte distance du march\u00e9 de Bolh\u00e3o et du Colis\u00e9e de Porto, le Violin Studio propose une connexion Wi-Fi gratuite, la climatisation et des \u00e9quipements m\u00e9nagers tels que des plaques de cuisson et une bouilloire. Dot\u00e9 d&#8217;un parking priv\u00e9, l&#8217;appartement se trouve \u00e0 2,1 km du march\u00e9 Ferreira &hellip; <\/p>\n<p class=\"link-more\"><a href=\"https:\/\/www.violin-studio.pt\/?page_id=114&#038;lang=fr\" class=\"more-link\">Continue reading<span class=\"screen-reader-text\"> &#8220;Description de la propri\u00e9t\u00e9&#8221;<\/span><\/a><\/p>\n","protected":false},"author":1,"featured_media":0,"parent":0,"menu_order":0,"comment_status":"closed","ping_status":"closed","template":"","meta":[],"_links":{"self":[{"href":"https:\/\/www.violin-studio.pt\/index.php?rest_route=\/wp\/v2\/pages\/114"}],"collection":[{"href":"https:\/\/www.violin-studio.pt\/index.php?rest_route=\/wp\/v2\/pages"}],"about":[{"href":"https:\/\/www.violin-studio.pt\/index.php?rest_route=\/wp\/v2\/types\/page"}],"author":[{"embeddable":true,"href":"https:\/\/www.violin-studio.pt\/index.php?rest_route=\/wp\/v2\/users\/1"}],"replies":[{"embeddable":true,"href":"https:\/\/www.violin-studio.pt\/index.php?rest_route=%2Fwp%2Fv2%2Fcomments&post=114"}],"version-history":[{"count":3,"href":"https:\/\/www.violin-studio.pt\/index.php?rest_route=\/wp\/v2\/pages\/114\/revisions"}],"predecessor-version":[{"id":442,"href":"https:\/\/www.violin-studio.pt\/index.php?rest_route=\/wp\/v2\/pages\/114\/revisions\/442"}],"wp:attachment":[{"href":"https:\/\/www.violin-studio.pt\/index.php?rest_route=%2Fwp%2Fv2%2Fmedia&parent=114"}],"curies":[{"name":"wp","href":"https:\/\/api.w.org\/{rel}","templated":true}]}}